{"id":7,"date":"2019-09-26T13:42:55","date_gmt":"2019-09-26T11:42:55","guid":{"rendered":"http:\/\/utw.wshtwp.pl\/?page_id=7"},"modified":"2020-07-14T16:42:11","modified_gmt":"2020-07-14T14:42:11","slug":"o-nas","status":"publish","type":"page","link":"https:\/\/utw.anstwp.pl\/?page_id=7","title":{"rendered":"O NAS"},"content":{"rendered":"<div class=\"auto-format ui--animation\"><p>Starzenie si\u0119 jest naturalnym etapem \u017cycia cz\u0142owieka; szcz\u0119\u015bliwie w wyniku post\u0119pu cywilizacyjnego i poprawy jako\u015bci \u017cycia \u017cyjemy coraz d\u0142u\u017cej i d\u0142u\u017cej te\u017c pozostajemy w dobrej kondycji intelektualnej i fizycznej. Wi\u0119cej lat sp\u0119dzamy na emeryturze, poza aktywno\u015bci\u0105 zawodow\u0105. Nie oznacza to, \u017ce musi to by\u0107 okres bierno\u015bci, nudy, braku perspektyw czy braku szans na rozw\u00f3j osobisty. Przeciwnie, czas, kt\u00f3rym dysponuje wsp\u00f3\u0142czesny senior, mo\u017ce by\u0107 spo\u017cytkowany w warto\u015bciowy, tw\u00f3rczy i ciekawy spos\u00f3b. Mog\u0105 go wype\u0142ni\u0107 spotkania z lud\u017ami w zbli\u017conym wieku, podczas kt\u00f3rych jest mo\u017cliwo\u015b\u0107 realizacji swoich pasji i zainteresowa\u0144. Efektem takiej aktywno\u015bci jest zawsze wzrost wiary we w\u0142asne mo\u017cliwo\u015bci, poczucie zadowolenia i sensu \u017cycia. Dogodnym miejscem do realizacji takich form aktywno\u015bci jest \u015brodowisko wy\u017cszej uczelni z ca\u0142ym jej zapleczem intelektualnym i organizacyjnym. Uniwersytet Trzeciego Wieku Akademii Nauk Stosowanych TWP w Szczecinie, to oferta adresowana do tych, kt\u00f3rzy chc\u0105 by\u0107 w dalszym ci\u0105gu aktywni, sprawni intelektualnie i fizycznie oraz \u017cy\u0107 warto\u015bciowo i stale si\u0119 rozwija\u0107.<br \/>\nProponujemy seniorom studia w atrakcyjnej i przyst\u0119pnej formie, prowadzone przez wybitnych wyk\u0142adowc\u00f3w i specjalist\u00f3w praktyk\u00f3w. Zaj\u0119cia maj\u0105 form\u0119 wyk\u0142ad\u00f3w, prelekcji, warsztat\u00f3w i zaj\u0119\u0107 terenowych. Zapewniamy doskonale wyposa\u017cony budynek z podjazdami i toaletami dla niepe\u0142nosprawnych, wind\u0105, profesjonalnie wyposa\u017conymi pracowniami komputerowymi i salami wyk\u0142adowymi oraz bibliotek\u0105.<br \/>\nUniwersytet Trzeciego Wieku oferuje zaj\u0119cia w ramach kilku obszar\u00f3w.<\/p>\n<\/div>","protected":false},"excerpt":{"rendered":"<p>Starzenie si\u0119 jest naturalnym etapem \u017cycia cz\u0142owieka; szcz\u0119\u015bliwie w wyniku post\u0119pu cywilizacyjnego i poprawy jako\u015bci \u017cycia \u017cyjemy coraz d\u0142u\u017cej i d\u0142u\u017cej te\u017c pozostajemy w dobrej kondycji intelektualnej i fizycznej. Wi\u0119cej lat sp\u0119dzamy na emeryturze, poza aktywno\u015bci\u0105 zawodow\u0105. Nie oznacza to, \u017ce musi to by\u0107 okres bierno\u015bci, nudy, braku perspektyw czy braku szans na rozw\u00f3j osobisty. [&hellip;]<\/p>\n","protected":false},"author":1,"featured_media":0,"parent":0,"menu_order":0,"comment_status":"closed","ping_status":"closed","template":"","meta":[],"_links":{"self":[{"href":"https:\/\/utw.anstwp.pl\/index.php?rest_route=\/wp\/v2\/pages\/7"}],"collection":[{"href":"https:\/\/utw.anstwp.pl\/index.php?rest_route=\/wp\/v2\/pages"}],"about":[{"href":"https:\/\/utw.anstwp.pl\/index.php?rest_route=\/wp\/v2\/types\/page"}],"author":[{"embeddable":true,"href":"https:\/\/utw.anstwp.pl\/index.php?rest_route=\/wp\/v2\/users\/1"}],"replies":[{"embeddable":true,"href":"https:\/\/utw.anstwp.pl\/index.php?rest_route=%2Fwp%2Fv2%2Fcomments&post=7"}],"version-history":[{"count":3,"href":"https:\/\/utw.anstwp.pl\/index.php?rest_route=\/wp\/v2\/pages\/7\/revisions"}],"predecessor-version":[{"id":583,"href":"https:\/\/utw.anstwp.pl\/index.php?rest_route=\/wp\/v2\/pages\/7\/revisions\/583"}],"wp:attachment":[{"href":"https:\/\/utw.anstwp.pl\/index.php?rest_route=%2Fwp%2Fv2%2Fmedia&parent=7"}],"curies":[{"name":"wp","href":"https:\/\/api.w.org\/{rel}","templated":true}]}}