{"id":637,"date":"2020-07-14T20:34:25","date_gmt":"2020-07-14T18:34:25","guid":{"rendered":"http:\/\/utw.wshtwp.pl\/?page_id=637"},"modified":"2020-07-14T20:34:25","modified_gmt":"2020-07-14T18:34:25","slug":"humanistyczny-senior","status":"publish","type":"page","link":"https:\/\/utw.anstwp.pl\/?page_id=637","title":{"rendered":"HUMANISTYCZNY SENIOR"},"content":{"rendered":"<div class=\"auto-format ui--animation\"><p>W marcu 2018r. Ministerstwo Nauki i Szkolnictwa Wy\u017cszego rozstrzygn\u0119\u0142o konkurs na wsparcie Uniwersytet\u00f3w Trzeciego Wieku. W ramach drugiej edycji programu do MNiSW trafi\u0142o 49 wniosk\u00f3w, spo\u015br\u00f3d kt\u00f3rych wybrano 20 najlepszych. \u0141\u0105czna kwota dofinansowania wszystkich projekt\u00f3w to blisko 6 mln z\u0142, w pierwszej edycji by\u0142y to 4mln z\u0142.<\/p>\n<p>Nasz projekt uzyska\u0142 akceptacj\u0119 i b\u0119dzie realizowany od marca do pa\u017adziernika 2018r. pod tytu\u0142em \u201e Humanistyczny Senior\u201d. W Roku Jubileuszowym Odzyskania przez Polsk\u0119 Niepodleg\u0142o\u015bci nasz projekt szczeg\u00f3lnie nastawiony jest na dzia\u0142ania edukacyjno- kulturalne o charakterze narodowo\u015bciowym po\u0142\u0105czone z poznaniem nie tylko historii Polski, ale r\u00f3wnie\u017c historii swojego regionu. Odb\u0119dzie si\u0119 m.in. szereg spotka\u0144, warsztat\u00f3w, zwiedzanie Szczecina oraz wystawy sta\u0142ej w Centrum Dialogu Prze\u0142omy, kt\u00f3ry ma charakter multimedialny i opowiada o prze\u0142omowych momentach w historii Szczecina i Pomorza Zachodniego w latach 1939-1989.<\/p>\n<\/div>","protected":false},"excerpt":{"rendered":"<p>W marcu 2018r. Ministerstwo Nauki i Szkolnictwa Wy\u017cszego rozstrzygn\u0119\u0142o konkurs na wsparcie Uniwersytet\u00f3w Trzeciego Wieku. W ramach drugiej edycji programu do MNiSW trafi\u0142o 49 wniosk\u00f3w, spo\u015br\u00f3d kt\u00f3rych wybrano 20 najlepszych. \u0141\u0105czna kwota dofinansowania wszystkich projekt\u00f3w to blisko 6 mln z\u0142, w pierwszej edycji by\u0142y to 4mln z\u0142. Nasz projekt uzyska\u0142 akceptacj\u0119 i b\u0119dzie realizowany od [&hellip;]<\/p>\n","protected":false},"author":1,"featured_media":0,"parent":0,"menu_order":0,"comment_status":"closed","ping_status":"closed","template":"","meta":[],"_links":{"self":[{"href":"https:\/\/utw.anstwp.pl\/index.php?rest_route=\/wp\/v2\/pages\/637"}],"collection":[{"href":"https:\/\/utw.anstwp.pl\/index.php?rest_route=\/wp\/v2\/pages"}],"about":[{"href":"https:\/\/utw.anstwp.pl\/index.php?rest_route=\/wp\/v2\/types\/page"}],"author":[{"embeddable":true,"href":"https:\/\/utw.anstwp.pl\/index.php?rest_route=\/wp\/v2\/users\/1"}],"replies":[{"embeddable":true,"href":"https:\/\/utw.anstwp.pl\/index.php?rest_route=%2Fwp%2Fv2%2Fcomments&post=637"}],"version-history":[{"count":1,"href":"https:\/\/utw.anstwp.pl\/index.php?rest_route=\/wp\/v2\/pages\/637\/revisions"}],"predecessor-version":[{"id":638,"href":"https:\/\/utw.anstwp.pl\/index.php?rest_route=\/wp\/v2\/pages\/637\/revisions\/638"}],"wp:attachment":[{"href":"https:\/\/utw.anstwp.pl\/index.php?rest_route=%2Fwp%2Fv2%2Fmedia&parent=637"}],"curies":[{"name":"wp","href":"https:\/\/api.w.org\/{rel}","templated":true}]}}