{"id":609,"date":"2020-07-14T17:01:53","date_gmt":"2020-07-14T15:01:53","guid":{"rendered":"http:\/\/utw.wshtwp.pl\/?page_id=609"},"modified":"2022-06-28T12:36:20","modified_gmt":"2022-06-28T10:36:20","slug":"rekrutacja","status":"publish","type":"page","link":"https:\/\/utw.anstwp.pl\/?page_id=609","title":{"rendered":"REKRUTACJA"},"content":{"rendered":"<div class=\"auto-format ui--animation\"><p>Rok studi\u00f3w w Uniwersytecie Trzeciego Wieku kosztuje 200 z\u0142 i obejmuje 15 godzin zaj\u0119\u0107 w ramach wybranego obszaru wiedzy. Studenci spotykaj\u0105 si\u0119 na zaj\u0119ciach raz w miesi\u0105cu. Dodatkowo, ju\u017c nieodp\u0142atnie, otrzymuj\u0105 od uczelni mo\u017cliwo\u015b\u0107 udzia\u0142u w wielu innych formach edukacyjnych: np. kursach j\u0119zyka niemieckiego i angielskiego poprzez darmowy dost\u0119p do platformy e-Iearningowej, dost\u0119p do zasob\u00f3w biblioteki uczelnianej, pierwsze\u0144stwo udzia\u0142u w projektach, uczestnictwo w konferencjach, warsztatach organizowanych przez uczelni\u0119, uczestnictwo w uroczysto\u015bciach uczelnianych, wsparcie doradcy zawodowego i innych.<br \/>\nAby zapisa\u0107 si\u0119 na zaj\u0119cia nale\u017cy wype\u0142ni\u0107 za\u0142\u0105czon\u0105 na stronie deklaracj\u0119 i z\u0142o\u017cy\u0107 j\u0105 w siedzibie uczelni lub przes\u0142a\u0107 na jej adres:<\/p>\n<p><strong>Akademia Nauk Stosowanych TWP w Szczecinie,<\/strong><br \/>\nul. Monte Cassino 15, 70-466 Szczecin, lub ul. Potulicka 16, 70-952 Szczecin<br \/>\nP\u0142atno\u015bci mo\u017cna dokona\u0107 przelewem na konto uczelni:<br \/>\nBank: Pekao S.A. IV O. Szczecin<br \/>\n<strong>nr rachunku:<\/strong> 53 1240 3930 1111 0000 4229 0746<br \/>\nkoniecznie z dopiskiem: Uniwersytet Trzeciego Wieku lub ui\u015bci\u0107 got\u00f3wk\u0105 w momencie sk\u0142adania deklaracji.<\/p>\n<\/div><div class=\"ui-row row\">\n <div   class=\"ui-column span3\"><a class=\"btn btn-normal btn-icon-left btn-primary ui--animation\" href=\"http:\/\/utw.anstwp.pl\/wp-content\/uploads\/2022\/07\/Deklaracja-UTW.pdf\" style=\"\">Pobierz<\/a><\/div> \n\n <div   class=\"ui-column span9\"><div class=\"auto-format ui--animation\"><p>Deklaracja Uniwersytet Trzeciego Wieku<\/p>\n<\/div><\/div> \n\n<\/div> \n","protected":false},"excerpt":{"rendered":"<p>Rok studi\u00f3w w Uniwersytecie Trzeciego Wieku kosztuje 200 z\u0142 i obejmuje 15 godzin zaj\u0119\u0107 w ramach wybranego obszaru wiedzy. Studenci spotykaj\u0105 si\u0119 na zaj\u0119ciach raz w miesi\u0105cu. Dodatkowo, ju\u017c nieodp\u0142atnie, otrzymuj\u0105 od uczelni mo\u017cliwo\u015b\u0107 udzia\u0142u w wielu innych formach edukacyjnych: np. kursach j\u0119zyka niemieckiego i angielskiego poprzez darmowy dost\u0119p do platformy e-Iearningowej, dost\u0119p do zasob\u00f3w [&hellip;]<\/p>\n","protected":false},"author":1,"featured_media":0,"parent":0,"menu_order":0,"comment_status":"closed","ping_status":"closed","template":"","meta":[],"_links":{"self":[{"href":"https:\/\/utw.anstwp.pl\/index.php?rest_route=\/wp\/v2\/pages\/609"}],"collection":[{"href":"https:\/\/utw.anstwp.pl\/index.php?rest_route=\/wp\/v2\/pages"}],"about":[{"href":"https:\/\/utw.anstwp.pl\/index.php?rest_route=\/wp\/v2\/types\/page"}],"author":[{"embeddable":true,"href":"https:\/\/utw.anstwp.pl\/index.php?rest_route=\/wp\/v2\/users\/1"}],"replies":[{"embeddable":true,"href":"https:\/\/utw.anstwp.pl\/index.php?rest_route=%2Fwp%2Fv2%2Fcomments&post=609"}],"version-history":[{"count":2,"href":"https:\/\/utw.anstwp.pl\/index.php?rest_route=\/wp\/v2\/pages\/609\/revisions"}],"predecessor-version":[{"id":656,"href":"https:\/\/utw.anstwp.pl\/index.php?rest_route=\/wp\/v2\/pages\/609\/revisions\/656"}],"wp:attachment":[{"href":"https:\/\/utw.anstwp.pl\/index.php?rest_route=%2Fwp%2Fv2%2Fmedia&parent=609"}],"curies":[{"name":"wp","href":"https:\/\/api.w.org\/{rel}","templated":true}]}}