{"id":599,"date":"2020-07-14T16:50:51","date_gmt":"2020-07-14T14:50:51","guid":{"rendered":"http:\/\/utw.wshtwp.pl\/?page_id=599"},"modified":"2020-07-14T16:50:51","modified_gmt":"2020-07-14T14:50:51","slug":"cwiczenia-gimnastyczne-zajecia-rekreacyjne-i-rehabilitacyjne","status":"publish","type":"page","link":"https:\/\/utw.anstwp.pl\/?page_id=599","title":{"rendered":"\u0106WICZENIA GIMNASTYCZNE ZAJ\u0118CIA REKREACYJNE I REHABILITACYJNE"},"content":{"rendered":"<div class=\"ui-row row\">\n <div   class=\"ui-column span6\"><div class=\"ui--image-wrap clearfix text-center ui--block\"><img width=\"1270\" height=\"847\" src=\"https:\/\/utw.anstwp.pl\/wp-content\/uploads\/2020\/07\/jak-uzyskac-dofinansowanie-sanatorium-z-zus-nfz-pfron.jpg\" class=\"ui--image ui--animation\" alt=\"\" loading=\"lazy\" id=\"ui--image-1\" srcset=\"https:\/\/utw.anstwp.pl\/wp-content\/uploads\/2020\/07\/jak-uzyskac-dofinansowanie-sanatorium-z-zus-nfz-pfron.jpg 1270w, https:\/\/utw.anstwp.pl\/wp-content\/uploads\/2020\/07\/jak-uzyskac-dofinansowanie-sanatorium-z-zus-nfz-pfron-300x200.jpg 300w, https:\/\/utw.anstwp.pl\/wp-content\/uploads\/2020\/07\/jak-uzyskac-dofinansowanie-sanatorium-z-zus-nfz-pfron-1024x683.jpg 1024w, https:\/\/utw.anstwp.pl\/wp-content\/uploads\/2020\/07\/jak-uzyskac-dofinansowanie-sanatorium-z-zus-nfz-pfron-768x512.jpg 768w\" sizes=\"(max-width: 1270px) 100vw, 1270px\" \/><\/div><\/div> \n\n <div   class=\"ui-column span6\"><div class=\"auto-format ui--animation\"><p><strong>Prowadz\u0105ca zaj\u0119cia: mgr Justyna Kiersznicka<\/strong><br \/>\nDietetyk, trener personalny. W pracy \u0142\u0105czy prawid\u0142owe od\u017cywianie z aktywno\u015bci\u0105 fizyczn\u0105. Mi\u0142o\u015bniczka wielu dyscyplin sportowych. Swoim podopiecznym zawsze t\u0142umaczy, \u017ce je\u017celi si\u0119 bardzo chce, to mo\u017cna wszystko. Pracownik Medikliniki, w kt\u00f3rej nabiera do\u015bwiadcze\u0144 w pracy z lud\u017ami cierpi\u0105cymi na r\u00f3\u017cnego rodzaju jednostki chorobowe. Bardzo oddana swojej pracy, potrzeby pacjent\u00f3w s\u0105 dla Niej tak samo wa\u017cne jak w\u0142asne. Autorka artyku\u0142\u00f3w na temat zdrowia, diety i sportu.<\/p>\n<ul>\n<li>Zdrowy kr\u0119gos\u0142up<\/li>\n<li>\u0106wiczenia uspokajaj\u0105co \u2013 relaksacyjne<\/li>\n<li>Gimnastyka korekcyjna<\/li>\n<li>Usprawnianie ruchowe<\/li>\n<\/ul>\n<\/div><\/div> \n\n<\/div> \n","protected":false},"excerpt":{"rendered":"<p>Prowadz\u0105ca zaj\u0119cia: mgr Justyna Kiersznicka Dietetyk, trener personalny. W pracy \u0142\u0105czy prawid\u0142owe od\u017cywianie z aktywno\u015bci\u0105 fizyczn\u0105. Mi\u0142o\u015bniczka wielu dyscyplin sportowych. Swoim podopiecznym zawsze t\u0142umaczy, \u017ce je\u017celi si\u0119 bardzo chce, to mo\u017cna wszystko. Pracownik Medikliniki, w kt\u00f3rej nabiera do\u015bwiadcze\u0144 w pracy z lud\u017ami cierpi\u0105cymi na r\u00f3\u017cnego rodzaju jednostki chorobowe. Bardzo oddana swojej pracy, potrzeby pacjent\u00f3w s\u0105 [&hellip;]<\/p>\n","protected":false},"author":1,"featured_media":0,"parent":0,"menu_order":0,"comment_status":"closed","ping_status":"closed","template":"","meta":[],"_links":{"self":[{"href":"https:\/\/utw.anstwp.pl\/index.php?rest_route=\/wp\/v2\/pages\/599"}],"collection":[{"href":"https:\/\/utw.anstwp.pl\/index.php?rest_route=\/wp\/v2\/pages"}],"about":[{"href":"https:\/\/utw.anstwp.pl\/index.php?rest_route=\/wp\/v2\/types\/page"}],"author":[{"embeddable":true,"href":"https:\/\/utw.anstwp.pl\/index.php?rest_route=\/wp\/v2\/users\/1"}],"replies":[{"embeddable":true,"href":"https:\/\/utw.anstwp.pl\/index.php?rest_route=%2Fwp%2Fv2%2Fcomments&post=599"}],"version-history":[{"count":1,"href":"https:\/\/utw.anstwp.pl\/index.php?rest_route=\/wp\/v2\/pages\/599\/revisions"}],"predecessor-version":[{"id":606,"href":"https:\/\/utw.anstwp.pl\/index.php?rest_route=\/wp\/v2\/pages\/599\/revisions\/606"}],"wp:attachment":[{"href":"https:\/\/utw.anstwp.pl\/index.php?rest_route=%2Fwp%2Fv2%2Fmedia&parent=599"}],"curies":[{"name":"wp","href":"https:\/\/api.w.org\/{rel}","templated":true}]}}