{"id":597,"date":"2020-07-14T16:49:56","date_gmt":"2020-07-14T14:49:56","guid":{"rendered":"http:\/\/utw.wshtwp.pl\/?page_id=597"},"modified":"2020-07-14T16:49:56","modified_gmt":"2020-07-14T14:49:56","slug":"poznaj-sekrety-pielegnacji-swojej-urody","status":"publish","type":"page","link":"https:\/\/utw.anstwp.pl\/?page_id=597","title":{"rendered":"POZNAJ SEKRETY PIEL\u0118GNACJI SWOJEJ URODY"},"content":{"rendered":"<div class=\"ui-row row\">\n <div   class=\"ui-column span6\"><div class=\"ui--image-wrap clearfix text-center ui--block\"><img width=\"626\" height=\"416\" src=\"https:\/\/utw.anstwp.pl\/wp-content\/uploads\/2020\/07\/senior-women-with-make-up-outdoor_23-2148348812.jpg\" class=\"ui--image ui--animation\" alt=\"\" loading=\"lazy\" id=\"ui--image-1\" srcset=\"https:\/\/utw.anstwp.pl\/wp-content\/uploads\/2020\/07\/senior-women-with-make-up-outdoor_23-2148348812.jpg 626w, https:\/\/utw.anstwp.pl\/wp-content\/uploads\/2020\/07\/senior-women-with-make-up-outdoor_23-2148348812-300x199.jpg 300w\" sizes=\"(max-width: 626px) 100vw, 626px\" \/><\/div><\/div> \n\n <div   class=\"ui-column span6\"><div class=\"auto-format ui--animation\"><p><strong>Prowadz\u0105cy zaj\u0119cia: mgr El\u017cbieta Muchalska.<\/strong><br \/>\nZaj\u0119cia prowadzone b\u0119d\u0105 przez firm\u0119 \u2018\u2019 MM Kosmetyka Profesjonalna \u2013 Centrum Edukacji \u2018\u2019 PASJA \u2018\u2019 \u2013 firma posiada akredytacje Kuratorium O\u015bwiaty w Szczecinie w zakresie modelacji d\u0142oni, pedicure kosmetycznego i leczniczego w formach pozaszkolnych.<\/p>\n<ul>\n<li>Wprowadzenie w \u015bwiat kosmetyki<\/li>\n<li>Preparaty kosmetyczne i ich zastosowanie<\/li>\n<li>Kosmetyka twarzy \u2013 cz\u0119\u015b\u0107 teoretyczna i praktyczna<\/li>\n<li>Kosmetyka cia\u0142a- cz\u0119\u015b\u0107 teoretyczna i praktyczna<\/li>\n<\/ul>\n<\/div><\/div> \n\n<\/div> \n","protected":false},"excerpt":{"rendered":"<p>Prowadz\u0105cy zaj\u0119cia: mgr El\u017cbieta Muchalska. Zaj\u0119cia prowadzone b\u0119d\u0105 przez firm\u0119 \u2018\u2019 MM Kosmetyka Profesjonalna \u2013 Centrum Edukacji \u2018\u2019 PASJA \u2018\u2019 \u2013 firma posiada akredytacje Kuratorium O\u015bwiaty w Szczecinie w zakresie modelacji d\u0142oni, pedicure kosmetycznego i leczniczego w formach pozaszkolnych. Wprowadzenie w \u015bwiat kosmetyki Preparaty kosmetyczne i ich zastosowanie Kosmetyka twarzy \u2013 cz\u0119\u015b\u0107 teoretyczna i praktyczna [&hellip;]<\/p>\n","protected":false},"author":1,"featured_media":0,"parent":0,"menu_order":0,"comment_status":"closed","ping_status":"closed","template":"","meta":[],"_links":{"self":[{"href":"https:\/\/utw.anstwp.pl\/index.php?rest_route=\/wp\/v2\/pages\/597"}],"collection":[{"href":"https:\/\/utw.anstwp.pl\/index.php?rest_route=\/wp\/v2\/pages"}],"about":[{"href":"https:\/\/utw.anstwp.pl\/index.php?rest_route=\/wp\/v2\/types\/page"}],"author":[{"embeddable":true,"href":"https:\/\/utw.anstwp.pl\/index.php?rest_route=\/wp\/v2\/users\/1"}],"replies":[{"embeddable":true,"href":"https:\/\/utw.anstwp.pl\/index.php?rest_route=%2Fwp%2Fv2%2Fcomments&post=597"}],"version-history":[{"count":1,"href":"https:\/\/utw.anstwp.pl\/index.php?rest_route=\/wp\/v2\/pages\/597\/revisions"}],"predecessor-version":[{"id":604,"href":"https:\/\/utw.anstwp.pl\/index.php?rest_route=\/wp\/v2\/pages\/597\/revisions\/604"}],"wp:attachment":[{"href":"https:\/\/utw.anstwp.pl\/index.php?rest_route=%2Fwp%2Fv2%2Fmedia&parent=597"}],"curies":[{"name":"wp","href":"https:\/\/api.w.org\/{rel}","templated":true}]}}