{"id":594,"date":"2020-07-14T16:51:14","date_gmt":"2020-07-14T14:51:14","guid":{"rendered":"http:\/\/utw.wshtwp.pl\/?page_id=594"},"modified":"2020-07-14T16:51:14","modified_gmt":"2020-07-14T14:51:14","slug":"mysl-szybciej-koncentruj-sie-lepiej","status":"publish","type":"page","link":"https:\/\/utw.anstwp.pl\/?page_id=594","title":{"rendered":"MY\u015aL SZYBCIEJ KONCENTRUJ SI\u0118 LEPIEJ"},"content":{"rendered":"<div class=\"ui-row row\">\n <div   class=\"ui-column span6\"><div class=\"ui--image-wrap clearfix text-center ui--block\"><img width=\"1000\" height=\"693\" src=\"https:\/\/utw.anstwp.pl\/wp-content\/uploads\/2020\/07\/Senior-Massage.jpg\" class=\"ui--image ui--animation\" alt=\"\" loading=\"lazy\" id=\"ui--image-1\" srcset=\"https:\/\/utw.anstwp.pl\/wp-content\/uploads\/2020\/07\/Senior-Massage.jpg 1000w, https:\/\/utw.anstwp.pl\/wp-content\/uploads\/2020\/07\/Senior-Massage-300x208.jpg 300w, https:\/\/utw.anstwp.pl\/wp-content\/uploads\/2020\/07\/Senior-Massage-768x532.jpg 768w\" sizes=\"(max-width: 1000px) 100vw, 1000px\" \/><\/div><\/div> \n\n <div   class=\"ui-column span6\"><div class=\"auto-format ui--animation\"><p><strong>Prowadz\u0105cy zaj\u0119cia: dr Dorota Ciechanowska<\/strong><br \/>\nDr Dorota Ciechanowska \u2013 doktor nauk humanistycznych w zakresie pedagogiki, cz\u0142onek Akademickiego Towarzystwa Andragogicznego, autorka wielu artyku\u0142\u00f3w naukowych z dziedziny andragogiki, czynny uczestnik Zjazd\u00f3w Andragogicznych organizowanych przez ATA. Autorka opracowa\u0144 kilkunastu hase\u0142 glosariusza andragogicznego opublikowanego na platformie EPALE- Elektronicznej platformy na rzecz uczenia si\u0119 doros\u0142ych w Europie.<\/p>\n<ul>\n<li>Superfood \u2013 super jako lekarstwo na pami\u0119\u0107<\/li>\n<li>Zdrowe \u0142atwe w przygotowaniu potrawy od\u017cywiaj\u0105ce pami\u0119\u0107<\/li>\n<li>Gry wspieraj\u0105ce kreatywno\u015b\u0107<\/li>\n<li>\u0141amig\u0142\u00f3wki, gry logiczne i \u0107wicz\u0105ce spostrzegawczo\u015b\u0107<\/li>\n<li>\u0141atwe , atrakcyjne i przydane prace plastyczne rozwijaj\u0105ce kreatywno\u015b\u0107<\/li>\n<li>Muzyka stymuluj\u0105ca lepsze zapami\u0119tywanie, wspieraj\u0105ca relaks i zasypianie<\/li>\n<li>Wsp\u00f3lne uczestnictwo w wydarzeniach kulturalnych ( wystawy, koncerty, kino\u2026.)<\/li>\n<\/ul>\n<\/div><\/div> \n\n<\/div> \n","protected":false},"excerpt":{"rendered":"<p>Prowadz\u0105cy zaj\u0119cia: dr Dorota Ciechanowska Dr Dorota Ciechanowska \u2013 doktor nauk humanistycznych w zakresie pedagogiki, cz\u0142onek Akademickiego Towarzystwa Andragogicznego, autorka wielu artyku\u0142\u00f3w naukowych z dziedziny andragogiki, czynny uczestnik Zjazd\u00f3w Andragogicznych organizowanych przez ATA. Autorka opracowa\u0144 kilkunastu hase\u0142 glosariusza andragogicznego opublikowanego na platformie EPALE- Elektronicznej platformy na rzecz uczenia si\u0119 doros\u0142ych w Europie. Superfood \u2013 super [&hellip;]<\/p>\n","protected":false},"author":1,"featured_media":0,"parent":0,"menu_order":0,"comment_status":"closed","ping_status":"closed","template":"","meta":[],"_links":{"self":[{"href":"https:\/\/utw.anstwp.pl\/index.php?rest_route=\/wp\/v2\/pages\/594"}],"collection":[{"href":"https:\/\/utw.anstwp.pl\/index.php?rest_route=\/wp\/v2\/pages"}],"about":[{"href":"https:\/\/utw.anstwp.pl\/index.php?rest_route=\/wp\/v2\/types\/page"}],"author":[{"embeddable":true,"href":"https:\/\/utw.anstwp.pl\/index.php?rest_route=\/wp\/v2\/users\/1"}],"replies":[{"embeddable":true,"href":"https:\/\/utw.anstwp.pl\/index.php?rest_route=%2Fwp%2Fv2%2Fcomments&post=594"}],"version-history":[{"count":1,"href":"https:\/\/utw.anstwp.pl\/index.php?rest_route=\/wp\/v2\/pages\/594\/revisions"}],"predecessor-version":[{"id":608,"href":"https:\/\/utw.anstwp.pl\/index.php?rest_route=\/wp\/v2\/pages\/594\/revisions\/608"}],"wp:attachment":[{"href":"https:\/\/utw.anstwp.pl\/index.php?rest_route=%2Fwp%2Fv2%2Fmedia&parent=594"}],"curies":[{"name":"wp","href":"https:\/\/api.w.org\/{rel}","templated":true}]}}