{"id":15,"date":"2019-09-26T13:43:55","date_gmt":"2019-09-26T11:43:55","guid":{"rendered":"http:\/\/utw.wshtwp.pl\/?page_id=15"},"modified":"2019-09-30T14:05:15","modified_gmt":"2019-09-30T12:05:15","slug":"kontakt","status":"publish","type":"page","link":"https:\/\/utw.anstwp.pl\/?page_id=15","title":{"rendered":"KONTAKT"},"content":{"rendered":"<div class=\"ui-row row\">\n <div   class=\"ui-column span6\"><h3 id=\"custom-title-h3-1\" class=\"ui--animation \" style=\"\">Formularz Kontaktowy<\/h3><div role=\"form\" class=\"wpcf7\" id=\"wpcf7-f111-o1\" lang=\"pl-PL\" dir=\"ltr\">\n<div class=\"screen-reader-response\"><p role=\"status\" aria-live=\"polite\" aria-atomic=\"true\"><\/p> <ul><\/ul><\/div>\n<form action=\"\/index.php?rest_route=%2Fwp%2Fv2%2Fpages%2F15#wpcf7-f111-o1\" method=\"post\" class=\"wpcf7-form init\" novalidate=\"novalidate\" data-status=\"init\">\n<div style=\"display: none;\">\n<input type=\"hidden\" name=\"_wpcf7\" value=\"111\" \/>\n<input type=\"hidden\" name=\"_wpcf7_version\" value=\"5.6\" \/>\n<input type=\"hidden\" name=\"_wpcf7_locale\" value=\"pl_PL\" \/>\n<input type=\"hidden\" name=\"_wpcf7_unit_tag\" value=\"wpcf7-f111-o1\" \/>\n<input type=\"hidden\" name=\"_wpcf7_container_post\" value=\"0\" \/>\n<input type=\"hidden\" name=\"_wpcf7_posted_data_hash\" value=\"\" \/>\n<\/div>\n<p><label> Imi\u0119<br \/>\n    <span class=\"wpcf7-form-control-wrap\" data-name=\"your-name\"><input type=\"text\" name=\"your-name\" value=\"\" size=\"40\" class=\"wpcf7-form-control wpcf7-text wpcf7-validates-as-required\" aria-required=\"true\" aria-invalid=\"false\" \/><\/span> <\/label><\/p>\n<p><label> Adres email<br \/>\n    <span class=\"wpcf7-form-control-wrap\" data-name=\"your-email\"><input type=\"email\" name=\"your-email\" value=\"\" size=\"40\" class=\"wpcf7-form-control wpcf7-text wpcf7-email wpcf7-validates-as-required wpcf7-validates-as-email\" aria-required=\"true\" aria-invalid=\"false\" \/><\/span> <\/label><\/p>\n<p><label> Tre\u015b\u0107 wiadomo\u015bci<br \/>\n    <span class=\"wpcf7-form-control-wrap\" data-name=\"your-message\"><textarea name=\"your-message\" cols=\"40\" rows=\"10\" class=\"wpcf7-form-control wpcf7-textarea\" aria-invalid=\"false\"><\/textarea><\/span> <\/label><\/p>\n<p><input type=\"submit\" value=\"Wy\u015blij\" class=\"wpcf7-form-control has-spinner wpcf7-submit\" \/><\/p>\n<div class=\"wpcf7-response-output\" aria-hidden=\"true\"><\/div><\/form><\/div><\/div> \n\n <div   class=\"ui-column span6\"><h3 id=\"custom-title-h3-2\" class=\"ui--animation \" style=\"\">Dane Kontaktowe<\/h3><div class=\"auto-format ui--animation\"><p><strong>mgr Barbara Pick<\/strong><br \/>\n<em>Koordynator Uniwersytetu Trzeciego Wieku<\/em><br \/>\n<strong>Telefon:<\/strong> 91 424 32 14<br \/>\n<strong>Email:<a href=\"mailto:b.pick@anstwp.pl\" target=\"_blank\" rel=\"noopener\">b.pick@anstwp.pl<\/a><\/strong><\/p>\n<p><strong>Akademii Nauk Stosowanych TWP w Szczecinie<\/strong><br \/>\nul. Monte Cassino 15<br \/>\n70-466 Szczecin<\/p>\n<p><strong>Numer konta bankowego:<\/strong><br \/>\n53 1240 3930 1111 0000 4229 0746<\/p>\n<\/div><\/div> \n\n<\/div> \n","protected":false},"excerpt":{"rendered":"<p>Formularz Kontaktowy Imi\u0119 Adres email Tre\u015b\u0107 wiadomo\u015bci Dane Kontaktowemgr Barbara Pick Koordynator Uniwersytetu Trzeciego Wieku Telefon: 91 424 32 14 Email:b.pick@anstwp.pl Akademii Nauk Stosowanych TWP w Szczecinie ul. Monte Cassino 15 70-466 Szczecin Numer konta bankowego: 53 1240 3930 1111 0000 4229 0746<\/p>\n","protected":false},"author":1,"featured_media":0,"parent":0,"menu_order":0,"comment_status":"closed","ping_status":"closed","template":"","meta":[],"_links":{"self":[{"href":"https:\/\/utw.anstwp.pl\/index.php?rest_route=\/wp\/v2\/pages\/15"}],"collection":[{"href":"https:\/\/utw.anstwp.pl\/index.php?rest_route=\/wp\/v2\/pages"}],"about":[{"href":"https:\/\/utw.anstwp.pl\/index.php?rest_route=\/wp\/v2\/types\/page"}],"author":[{"embeddable":true,"href":"https:\/\/utw.anstwp.pl\/index.php?rest_route=\/wp\/v2\/users\/1"}],"replies":[{"embeddable":true,"href":"https:\/\/utw.anstwp.pl\/index.php?rest_route=%2Fwp%2Fv2%2Fcomments&post=15"}],"version-history":[{"count":2,"href":"https:\/\/utw.anstwp.pl\/index.php?rest_route=\/wp\/v2\/pages\/15\/revisions"}],"predecessor-version":[{"id":128,"href":"https:\/\/utw.anstwp.pl\/index.php?rest_route=\/wp\/v2\/pages\/15\/revisions\/128"}],"wp:attachment":[{"href":"https:\/\/utw.anstwp.pl\/index.php?rest_route=%2Fwp%2Fv2%2Fmedia&parent=15"}],"curies":[{"name":"wp","href":"https:\/\/api.w.org\/{rel}","templated":true}]}}