{"id":13,"date":"2019-09-26T13:43:39","date_gmt":"2019-09-26T11:43:39","guid":{"rendered":"http:\/\/utw.wshtwp.pl\/?page_id=13"},"modified":"2020-03-06T09:14:07","modified_gmt":"2020-03-06T08:14:07","slug":"programy","status":"publish","type":"page","link":"https:\/\/utw.anstwp.pl\/?page_id=13","title":{"rendered":"PROGRAMY"},"content":{"rendered":"<div class=\"ui-row row\">\n <div   class=\"ui-column span3\"><div class=\"ui--image-wrap clearfix text-center ui--block\" style=\"margin-bottom: 15px;\"><a href=\"http:\/\/utw.anstwp.pl\/?page_id=598\"><img width=\"320\" height=\"280\" src=\"https:\/\/utw.anstwp.pl\/wp-content\/uploads\/2020\/05\/SPTRAWNY-UMYSL.jpg\" class=\"ui--image ui--animation\" alt=\"\" loading=\"lazy\" id=\"ui--image-1\" srcset=\"https:\/\/utw.anstwp.pl\/wp-content\/uploads\/2020\/05\/SPTRAWNY-UMYSL.jpg 320w, https:\/\/utw.anstwp.pl\/wp-content\/uploads\/2020\/05\/SPTRAWNY-UMYSL-300x263.jpg 300w\" sizes=\"(max-width: 320px) 100vw, 320px\" \/><\/a><\/div><div class=\"text-center ui--animation\"><a class=\"btn btn-normal btn-block btn-icon-left with-icon button-hover btn-o0itmx1hhr btn-custom-color\" href=\"http:\/\/utw.anstwp.pl\/?page_id=598\" style=\"\"><span class=\"button-icon\"><i class=\"ui--icon ui--icon btn-icon icon-normal fontawesome-external-link\" style=\"color: #ffffff !important;\"><\/i><\/span>Czytaj wi\u0119cej informacji...<\/a> <\/div><div class=\"text-center ui--animation\"><a class=\"btn btn-normal btn-block btn-icon-left with-icon button-hover btn-ppwjof29n6 btn-custom-color radius-3px\" href=\"http:\/\/utw.anstwp.pl\/?page_id=609\" style=\"\"><span class=\"button-icon\"><i class=\"ui--icon ui--icon btn-icon icon-normal fontawesome-external-link\" style=\"color: #ffffff !important;\"><\/i><\/span>REKRUTACJA<\/a> <\/div><\/div> \n\n <div   class=\"ui-column span3\"><div class=\"ui--image-wrap clearfix text-center ui--block\" style=\"margin-bottom: 15px;\"><a href=\"http:\/\/utw.anstwp.pl\/?page_id=597\"><img width=\"320\" height=\"280\" src=\"https:\/\/utw.anstwp.pl\/wp-content\/uploads\/2020\/05\/PIEL-URODY.jpg\" class=\"ui--image ui--animation\" alt=\"\" loading=\"lazy\" id=\"ui--image-2\" srcset=\"https:\/\/utw.anstwp.pl\/wp-content\/uploads\/2020\/05\/PIEL-URODY.jpg 320w, https:\/\/utw.anstwp.pl\/wp-content\/uploads\/2020\/05\/PIEL-URODY-300x263.jpg 300w\" sizes=\"(max-width: 320px) 100vw, 320px\" \/><\/a><\/div><div class=\"text-center ui--animation\"><a class=\"btn btn-normal btn-block btn-icon-left with-icon button-hover btn-o0itmx1hhr btn-custom-color\" href=\"http:\/\/utw.anstwp.pl\/?page_id=597\" style=\"\"><span class=\"button-icon\"><i class=\"ui--icon ui--icon btn-icon icon-normal fontawesome-external-link\" style=\"color: #ffffff !important;\"><\/i><\/span>Czytaj wi\u0119cej informacji...<\/a> <\/div><div class=\"text-center ui--animation\"><a class=\"btn btn-normal btn-block btn-icon-left with-icon button-hover btn-ppwjof29n6 btn-custom-color radius-3px\" href=\"http:\/\/utw.anstwp.pl\/?page_id=609\" style=\"\"><span class=\"button-icon\"><i class=\"ui--icon ui--icon btn-icon icon-normal fontawesome-external-link\" style=\"color: #ffffff !important;\"><\/i><\/span>REKRUTACJA<\/a> <\/div><\/div> \n\n <div   class=\"ui-column span3\"><div class=\"ui--image-wrap clearfix text-center ui--block\" style=\"margin-bottom: 15px;\"><a href=\"http:\/\/utw.anstwp.pl\/?page_id=594\"><img width=\"320\" height=\"280\" src=\"https:\/\/utw.anstwp.pl\/wp-content\/uploads\/2020\/05\/MYSL.jpg\" class=\"ui--image ui--animation\" alt=\"\" loading=\"lazy\" id=\"ui--image-3\" srcset=\"https:\/\/utw.anstwp.pl\/wp-content\/uploads\/2020\/05\/MYSL.jpg 320w, https:\/\/utw.anstwp.pl\/wp-content\/uploads\/2020\/05\/MYSL-300x263.jpg 300w\" sizes=\"(max-width: 320px) 100vw, 320px\" \/><\/a><\/div><div class=\"text-center ui--animation\"><a class=\"btn btn-normal btn-block btn-icon-left with-icon button-hover btn-o0itmx1hhr btn-custom-color\" href=\"http:\/\/utw.anstwp.pl\/?page_id=594\" style=\"\"><span class=\"button-icon\"><i class=\"ui--icon ui--icon btn-icon icon-normal fontawesome-external-link\" style=\"color: #ffffff !important;\"><\/i><\/span>Czytaj wi\u0119cej informacji...<\/a> <\/div><div class=\"text-center ui--animation\"><a class=\"btn btn-normal btn-block btn-icon-left with-icon button-hover btn-ppwjof29n6 btn-custom-color radius-3px\" href=\"http:\/\/utw.anstwp.pl\/?page_id=609\" style=\"\"><span class=\"button-icon\"><i class=\"ui--icon ui--icon btn-icon icon-normal fontawesome-external-link\" style=\"color: #ffffff !important;\"><\/i><\/span>REKRUTACJA<\/a> <\/div><\/div> \n\n <div   class=\"ui-column span3\"><div class=\"ui--image-wrap clearfix text-center ui--block\" style=\"margin-bottom: 15px;\"><a href=\"http:\/\/utw.anstwp.pl\/?page_id=599\"><img width=\"320\" height=\"280\" src=\"https:\/\/utw.anstwp.pl\/wp-content\/uploads\/2020\/05\/GYM_SENIOR.jpg\" class=\"ui--image ui--animation\" alt=\"\" loading=\"lazy\" id=\"ui--image-4\" srcset=\"https:\/\/utw.anstwp.pl\/wp-content\/uploads\/2020\/05\/GYM_SENIOR.jpg 320w, https:\/\/utw.anstwp.pl\/wp-content\/uploads\/2020\/05\/GYM_SENIOR-300x263.jpg 300w\" sizes=\"(max-width: 320px) 100vw, 320px\" \/><\/a><\/div><div class=\"text-center ui--animation\"><a class=\"btn btn-normal btn-block btn-icon-left with-icon button-hover btn-o0itmx1hhr btn-custom-color\" href=\"http:\/\/utw.anstwp.pl\/?page_id=599\" style=\"\"><span class=\"button-icon\"><i class=\"ui--icon ui--icon btn-icon icon-normal fontawesome-external-link\" style=\"color: #ffffff !important;\"><\/i><\/span>Czytaj wi\u0119cej informacji...<\/a> <\/div><div class=\"text-center ui--animation\"><a class=\"btn btn-normal btn-block btn-icon-left with-icon button-hover btn-ppwjof29n6 btn-custom-color radius-3px\" href=\"http:\/\/utw.anstwp.pl\/?page_id=609\" style=\"\"><span class=\"button-icon\"><i class=\"ui--icon ui--icon btn-icon icon-normal fontawesome-external-link\" style=\"color: #ffffff !important;\"><\/i><\/span>REKRUTACJA<\/a> <\/div><\/div> \n\n<\/div> \n<div  class=\"ui--space clearfix\" data-responsive=\"{&quot;css&quot;:{&quot;height&quot;:{&quot;phone&quot;:null,&quot;tablet&quot;:null,&quot;widescreen&quot;:null}}}\"><\/div><div  class=\"ui--divider ui--animation clearfix ui--divider-solid-line\"><\/div><div class=\"ui-row row\">\n <div   class=\"ui-column span3\"><div class=\"ui--image-wrap clearfix text-center ui--block\" style=\"margin-bottom: 15px;\"><a href=\"http:\/\/utw.anstwp.pl\/?page_id=595\"><img width=\"320\" height=\"280\" src=\"https:\/\/utw.anstwp.pl\/wp-content\/uploads\/2020\/07\/kurs-komputerowy-dla-seniora-2.jpg\" class=\"ui--image ui--animation\" alt=\"\" loading=\"lazy\" title=\"kurs komputerowy dla seniora\" id=\"ui--image-5\" srcset=\"https:\/\/utw.anstwp.pl\/wp-content\/uploads\/2020\/07\/kurs-komputerowy-dla-seniora-2.jpg 320w, https:\/\/utw.anstwp.pl\/wp-content\/uploads\/2020\/07\/kurs-komputerowy-dla-seniora-2-300x263.jpg 300w\" sizes=\"(max-width: 320px) 100vw, 320px\" \/><\/a><\/div><div class=\"text-center ui--animation\"><a class=\"btn btn-normal btn-block btn-icon-left with-icon button-hover btn-o0itmx1hhr btn-custom-color\" href=\"http:\/\/utw.anstwp.pl\/?page_id=595\" style=\"\"><span class=\"button-icon\"><i class=\"ui--icon ui--icon btn-icon icon-normal fontawesome-external-link\" style=\"color: #ffffff !important;\"><\/i><\/span>Czytaj wi\u0119cej informacji...<\/a> <\/div><div class=\"text-center ui--animation\"><a class=\"btn btn-normal btn-block btn-icon-left with-icon button-hover btn-ppwjof29n6 btn-custom-color radius-3px\" href=\"http:\/\/utw.anstwp.pl\/?page_id=609\" style=\"\"><span class=\"button-icon\"><i class=\"ui--icon ui--icon btn-icon icon-normal fontawesome-external-link\" style=\"color: #ffffff !important;\"><\/i><\/span>REKRUTACJA<\/a> <\/div><\/div> \n\n <div   class=\"ui-column span3\"><div class=\"ui--image-wrap clearfix text-center ui--block\" style=\"margin-bottom: 15px;\"><a href=\"http:\/\/utw.anstwp.pl\/?page_id=600\"><img width=\"320\" height=\"280\" src=\"https:\/\/utw.anstwp.pl\/wp-content\/uploads\/2020\/07\/turystyka-kulturowa-i-rekreacja.jpg\" class=\"ui--image ui--animation\" alt=\"\" loading=\"lazy\" title=\"turystyka kulturowa i rekreacja\" id=\"ui--image-6\" srcset=\"https:\/\/utw.anstwp.pl\/wp-content\/uploads\/2020\/07\/turystyka-kulturowa-i-rekreacja.jpg 320w, https:\/\/utw.anstwp.pl\/wp-content\/uploads\/2020\/07\/turystyka-kulturowa-i-rekreacja-300x263.jpg 300w\" sizes=\"(max-width: 320px) 100vw, 320px\" \/><\/a><\/div><div class=\"text-center ui--animation\"><a class=\"btn btn-normal btn-block btn-icon-left with-icon button-hover btn-o0itmx1hhr btn-custom-color\" href=\"http:\/\/utw.anstwp.pl\/?page_id=600\" style=\"\"><span class=\"button-icon\"><i class=\"ui--icon ui--icon btn-icon icon-normal fontawesome-external-link\" style=\"color: #ffffff !important;\"><\/i><\/span>Czytaj wi\u0119cej informacji...<\/a> <\/div><div class=\"text-center ui--animation\"><a class=\"btn btn-normal btn-block btn-icon-left with-icon button-hover btn-ppwjof29n6 btn-custom-color radius-3px\" href=\"http:\/\/utw.anstwp.pl\/?page_id=609\" style=\"\"><span class=\"button-icon\"><i class=\"ui--icon ui--icon btn-icon icon-normal fontawesome-external-link\" style=\"color: #ffffff !important;\"><\/i><\/span>REKRUTACJA<\/a> <\/div><\/div> \n\n <div   class=\"ui-column span3\"><div class=\"ui--image-wrap clearfix text-center ui--block\" style=\"margin-bottom: 15px;\"><a href=\"http:\/\/utw.anstwp.pl\/?page_id=596\"><img width=\"320\" height=\"280\" src=\"https:\/\/utw.anstwp.pl\/wp-content\/uploads\/2020\/07\/Muzyka-\u0141\u0105czy-pokolenia.jpg\" class=\"ui--image ui--animation\" alt=\"\" loading=\"lazy\" title=\"Muzyka \u0141\u0105czy pokolenia\" id=\"ui--image-7\" srcset=\"https:\/\/utw.anstwp.pl\/wp-content\/uploads\/2020\/07\/Muzyka-\u0141\u0105czy-pokolenia.jpg 320w, https:\/\/utw.anstwp.pl\/wp-content\/uploads\/2020\/07\/Muzyka-\u0141\u0105czy-pokolenia-300x263.jpg 300w\" sizes=\"(max-width: 320px) 100vw, 320px\" \/><\/a><\/div><div class=\"text-center ui--animation\"><a class=\"btn btn-normal btn-block btn-icon-left with-icon button-hover btn-o0itmx1hhr btn-custom-color\" href=\"http:\/\/utw.anstwp.pl\/?page_id=596\" style=\"\"><span class=\"button-icon\"><i class=\"ui--icon ui--icon btn-icon icon-normal fontawesome-external-link\" style=\"color: #ffffff !important;\"><\/i><\/span>Czytaj wi\u0119cej informacji...<\/a> <\/div><div class=\"text-center ui--animation\"><a class=\"btn btn-normal btn-block btn-icon-left with-icon button-hover btn-ppwjof29n6 btn-custom-color radius-3px\" href=\"http:\/\/utw.anstwp.pl\/?page_id=609\" style=\"\"><span class=\"button-icon\"><i class=\"ui--icon ui--icon btn-icon icon-normal fontawesome-external-link\" style=\"color: #ffffff !important;\"><\/i><\/span>REKRUTACJA<\/a> <\/div><\/div> \n\n <div   class=\"ui-column span3\"><div class=\"ui--image-wrap clearfix text-center ui--block\" style=\"margin-bottom: 15px;\"><a href=\"http:\/\/utw.anstwp.pl\/?page_id=593\"><img width=\"320\" height=\"280\" src=\"https:\/\/utw.anstwp.pl\/wp-content\/uploads\/2020\/07\/J\u0119zyki-obce-dla-ka\u017cdego.jpg\" class=\"ui--image ui--animation\" alt=\"\" loading=\"lazy\" title=\"J\u0119zyki obce dla ka\u017cdego\" id=\"ui--image-8\" srcset=\"https:\/\/utw.anstwp.pl\/wp-content\/uploads\/2020\/07\/J\u0119zyki-obce-dla-ka\u017cdego.jpg 320w, https:\/\/utw.anstwp.pl\/wp-content\/uploads\/2020\/07\/J\u0119zyki-obce-dla-ka\u017cdego-300x263.jpg 300w\" sizes=\"(max-width: 320px) 100vw, 320px\" \/><\/a><\/div><div class=\"text-center ui--animation\"><a class=\"btn btn-normal btn-block btn-icon-left with-icon button-hover btn-o0itmx1hhr btn-custom-color\" href=\"http:\/\/utw.anstwp.pl\/?page_id=593\" style=\"\"><span class=\"button-icon\"><i class=\"ui--icon ui--icon btn-icon icon-normal fontawesome-external-link\" style=\"color: #ffffff !important;\"><\/i><\/span>Czytaj wi\u0119cej informacji...<\/a> <\/div><div class=\"text-center ui--animation\"><a class=\"btn btn-normal btn-block btn-icon-left with-icon button-hover btn-ppwjof29n6 btn-custom-color radius-3px\" href=\"http:\/\/utw.anstwp.pl\/?page_id=609\" style=\"\"><span class=\"button-icon\"><i class=\"ui--icon ui--icon btn-icon icon-normal fontawesome-external-link\" style=\"color: #ffffff !important;\"><\/i><\/span>REKRUTACJA<\/a> <\/div><\/div> \n\n<\/div> \n","protected":false},"excerpt":{"rendered":"<p>Czytaj wi\u0119cej informacji&#8230; REKRUTACJA Czytaj wi\u0119cej informacji&#8230; REKRUTACJA Czytaj wi\u0119cej informacji&#8230; REKRUTACJA Czytaj wi\u0119cej informacji&#8230; REKRUTACJA Czytaj wi\u0119cej informacji&#8230; REKRUTACJA Czytaj wi\u0119cej informacji&#8230; REKRUTACJA Czytaj wi\u0119cej informacji&#8230; REKRUTACJA Czytaj wi\u0119cej informacji&#8230; REKRUTACJA<\/p>\n","protected":false},"author":1,"featured_media":0,"parent":0,"menu_order":0,"comment_status":"closed","ping_status":"closed","template":"","meta":[],"_links":{"self":[{"href":"https:\/\/utw.anstwp.pl\/index.php?rest_route=\/wp\/v2\/pages\/13"}],"collection":[{"href":"https:\/\/utw.anstwp.pl\/index.php?rest_route=\/wp\/v2\/pages"}],"about":[{"href":"https:\/\/utw.anstwp.pl\/index.php?rest_route=\/wp\/v2\/types\/page"}],"author":[{"embeddable":true,"href":"https:\/\/utw.anstwp.pl\/index.php?rest_route=\/wp\/v2\/users\/1"}],"replies":[{"embeddable":true,"href":"https:\/\/utw.anstwp.pl\/index.php?rest_route=%2Fwp%2Fv2%2Fcomments&post=13"}],"version-history":[{"count":2,"href":"https:\/\/utw.anstwp.pl\/index.php?rest_route=\/wp\/v2\/pages\/13\/revisions"}],"predecessor-version":[{"id":467,"href":"https:\/\/utw.anstwp.pl\/index.php?rest_route=\/wp\/v2\/pages\/13\/revisions\/467"}],"wp:attachment":[{"href":"https:\/\/utw.anstwp.pl\/index.php?rest_route=%2Fwp%2Fv2%2Fmedia&parent=13"}],"curies":[{"name":"wp","href":"https:\/\/api.w.org\/{rel}","templated":true}]}}