{"id":595,"date":"2020-07-14T16:49:30","date_gmt":"2020-07-14T14:49:30","guid":{"rendered":"http:\/\/utw.wshtwp.pl\/?page_id=595"},"modified":"2020-07-14T16:49:30","modified_gmt":"2020-07-14T14:49:30","slug":"kurs-komputerowy-dla-seniora-cz-2","status":"publish","type":"page","link":"http:\/\/utw.anstwp.pl\/?page_id=595","title":{"rendered":"KURS KOMPUTEROWY DLA SENIORA CZ.2"},"content":{"rendered":"<div class=\"ui-row row\">\n <div   class=\"ui-column span6\"><div class=\"ui--image-wrap clearfix text-center ui--block\"><img width=\"900\" height=\"600\" src=\"http:\/\/utw.anstwp.pl\/wp-content\/uploads\/2020\/07\/osoby-4.jpg\" class=\"ui--image ui--animation\" alt=\"\" loading=\"lazy\" id=\"ui--image-1\" srcset=\"http:\/\/utw.anstwp.pl\/wp-content\/uploads\/2020\/07\/osoby-4.jpg 900w, http:\/\/utw.anstwp.pl\/wp-content\/uploads\/2020\/07\/osoby-4-300x200.jpg 300w, http:\/\/utw.anstwp.pl\/wp-content\/uploads\/2020\/07\/osoby-4-768x512.jpg 768w\" sizes=\"(max-width: 900px) 100vw, 900px\" \/><\/div><\/div> \n\n <div   class=\"ui-column span6\"><div class=\"auto-format ui--animation\"><p><strong>Zaj\u0119cia prowadzi: mgr Marek Hajdukiewicz<\/strong><br \/>\nMarek Hajdukiewicz- nauczyciel matematyki i informatyki, nauczyciel akademicki przedmiot\u00f3w informatycznych, certyfikowany egzaminator i trener ECDL. Specjalista od innowacyjnych form kszta\u0142cenia (e-learning). Prowadzi szkolenia z zakresu: baz danych, arkuszy kalkulacyjnych, analizy danych i inne. Kierownik O\u015brodka Kszta\u0142cenia Informatycznego w WSH TWP w Szczecinie.<\/p>\n<p><strong>E-SENIOR \u2013 INTERNET DLA KA\u017bDEGO<\/strong><br \/>\nW ramach tej specjalno\u015bci s\u0142uchacze poznaj\u0105 mo\u017cliwo\u015bci jakie daje Internet. Ka\u017cdy uczestnik dowie si\u0119 jak bezpiecznie korzysta\u0107 z Internetu, w jaki spos\u00f3b szuka\u0107 interesuj\u0105cych nas informacji (wiadomo\u015bci, rozk\u0142ady jazdy PKP, PKS, informacji o produktach, pogodzie itp.). Gdzie najkorzystniej kupi\u0107 towar i w jaki spos\u00f3b dokona\u0107 p\u0142atno\u015bci, aby nie zosta\u0107 oszukanym. W \u015bwiecie spo\u0142ecze\u0144stwa informacyjnego korzystanie z nowoczesnych technologii u\u0142atwia \u017cycie pod warunkiem, \u017ce wiemy jak z niej korzysta\u0107. Do takich rzeczy nale\u017cy mi\u0119dzy innymi bankowo\u015b\u0107 elektroniczna. Rozliczenia bezgot\u00f3wkowe i przez Internet z pewno\u015bci\u0105 u\u0142atwi codzienne \u017cycie. Nauczymy swoich s\u0142uchaczy znajdowania znajomych poprzez Internet i nawi\u0105zywania z nimi komunikacji (email, rozmowy video, serwisy spo\u0142eczno\u015bciowe). Nie zawsze mamy mo\u017cliwo\u015b\u0107 wyj\u015bcia z domu, wyjazdu poza miejsce zamieszkania czy podr\u00f3\u017cowania. Z Internetem ka\u017cdy ma mo\u017cliwo\u015b\u0107 zwiedzania nie tylko miejsc, kt\u00f3re s\u0105 nam bliskie ale ca\u0142ego \u015bwiata pocz\u0105wszy od muze\u00f3w, ko\u015bcio\u0142\u00f3w i \u015bwi\u0105ty\u0144, miejsc zwanych cudami \u015bwiata. Z Internetem zwiedzisz ca\u0142y \u015bwiat! Uczestnik kursu dowie si\u0119 jak przenie\u015b\u0107 dane z aparatu, telefonu na komputer oraz pozna podstawowe operacje edytorskie.<\/p>\n<p><strong>Internet jako \u017ar\u00f3d\u0142o informacji<\/strong><br \/>\n<strong>Liczba godzin:<\/strong> 2<br \/>\n<strong>Opis szaj\u0119\u0107:<\/strong> Nie za d\u0142ugie wprowadzenie do Internetu. Wyszukiwarki i przegl\u0105darki internetowe. Jak szuka\u0107, aby znale\u017a\u0107? \u2013 operatory zapyta\u0144 w wyszukiwarkach. Portale internetowe, serwisy pogodowe oraz mapy Google.<\/p>\n<p><strong>Bezpieczne zakupy w Internecie<\/strong><br \/>\n<strong>Liczba godzin:<\/strong> 2<br \/>\n<strong>Opis zaj\u0119\u0107:<\/strong> Bezpiecze\u0144stwo w sieci. Sklepy internetowe- jak robi\u0107 zakupy? Serwis Ceneo- wyszukiwanie najta\u0144szych towar\u00f3w. Aukcje internetowe i inne serwisy kupna i sprzeda\u017cy (Olx.pl).<\/p>\n<p><strong>Komunikacja internetowa<\/strong><br \/>\n<strong>Liczba godzin:<\/strong> 2<br \/>\n<strong>Opis zaj\u0119\u0107:<\/strong> Jak wysy\u0142a\u0107 wiadomo\u015bci przez Internet? Poczta elektroniczna- zak\u0142adanie konta pocztowego. Podstawy obs\u0142ugi poczty elektronicznej- redagowanie listu, wysy\u0142anie i odbieranie poczty, dodawanie za\u0142\u0105cznik\u00f3w.<br \/>\nKomunikacja wideo z innymi u\u017cytkownikami Internetu- Skype. Instalacja i konfiguracja programu, wyszukiwanie i dodawanie innych u\u017cytkownik\u00f3w. Nawi\u0105zywanie po\u0142\u0105cze\u0144. Tanie rozmowy telefoniczne przez Skype: op\u0142aty za rozmowy, do\u0142adowanie konta rozliczeniowego. Zasady u\u017cytkowania i bezpiecze\u0144stwa programu.<\/p>\n<p><strong>Bankowo\u015b\u0107 elektroniczna<\/strong><br \/>\n<strong>Liczba godzin:<\/strong> 2<br \/>\n<strong>Opis zaj\u0119\u0107:<\/strong> Za\u0142o\u017cenie konta w banku w wersji demonstracyjnej. Wykonywanie przelew\u00f3w, dokonywanie p\u0142atno\u015bci (przelewy cykliczne i zdefiniowane), zak\u0142adanie lokat. Drukowanie dokument\u00f3w bankowych. Zasady bezpiecze\u0144stwa.<\/p>\n<p><strong>Wirtualne zwiedzanie \u015bwiata<\/strong><br \/>\n<strong>Liczba godzin:<\/strong> 2<br \/>\n<strong>Opis zaj\u0119\u0107:<\/strong> Zwiedzanie \u015bwiata przez Google Earth oraz inne serwisy takie, jak virtual-journeys, stressfree itp. Zwiedzanie muze\u00f3w, wirtualne spacery (spacery360, panoramy, itp.) w miejscach zabytkowych (ko\u015bcio\u0142y, zamki) i ciekawych (Kamczatka, Tad\u017c Mahal, i inne\u2026)<\/p>\n<p><strong>Edycja zdj\u0119\u0107<\/strong><br \/>\n<strong>Liczba godzin:<\/strong> 6<br \/>\n<strong>Opis zaj\u0119\u0107:<\/strong> Przenoszenie danych z aparatu, telefonu na komputer. Podstawowa edycja zdj\u0119\u0107, retusz, dodawanie efekt\u00f3w, tworzenie poczt\u00f3wek i zaprosze\u0144, tworzenie portret\u00f3w, dodawanie ramek i dymk\u00f3w, tworzenie kola\u017cy i inne, serwisy do darmowej obr\u00f3bki zdj\u0119\u0107: Pixlr, Fotor, Photofunia, iPiccy i itp<\/p>\n<\/div><\/div> \n\n<\/div> \n","protected":false},"excerpt":{"rendered":"<p>Zaj\u0119cia prowadzi: mgr Marek Hajdukiewicz Marek Hajdukiewicz- nauczyciel matematyki i informatyki, nauczyciel akademicki przedmiot\u00f3w informatycznych, certyfikowany egzaminator i trener ECDL. Specjalista od innowacyjnych form kszta\u0142cenia (e-learning). Prowadzi szkolenia z zakresu: baz danych, arkuszy kalkulacyjnych, analizy danych i inne. Kierownik O\u015brodka Kszta\u0142cenia Informatycznego w WSH TWP w Szczecinie. E-SENIOR \u2013 INTERNET DLA KA\u017bDEGO W ramach tej [&hellip;]<\/p>\n","protected":false},"author":1,"featured_media":0,"parent":0,"menu_order":0,"comment_status":"closed","ping_status":"closed","template":"","meta":[],"_links":{"self":[{"href":"http:\/\/utw.anstwp.pl\/index.php?rest_route=\/wp\/v2\/pages\/595"}],"collection":[{"href":"http:\/\/utw.anstwp.pl\/index.php?rest_route=\/wp\/v2\/pages"}],"about":[{"href":"http:\/\/utw.anstwp.pl\/index.php?rest_route=\/wp\/v2\/types\/page"}],"author":[{"embeddable":true,"href":"http:\/\/utw.anstwp.pl\/index.php?rest_route=\/wp\/v2\/users\/1"}],"replies":[{"embeddable":true,"href":"http:\/\/utw.anstwp.pl\/index.php?rest_route=%2Fwp%2Fv2%2Fcomments&post=595"}],"version-history":[{"count":1,"href":"http:\/\/utw.anstwp.pl\/index.php?rest_route=\/wp\/v2\/pages\/595\/revisions"}],"predecessor-version":[{"id":602,"href":"http:\/\/utw.anstwp.pl\/index.php?rest_route=\/wp\/v2\/pages\/595\/revisions\/602"}],"wp:attachment":[{"href":"http:\/\/utw.anstwp.pl\/index.php?rest_route=%2Fwp%2Fv2%2Fmedia&parent=595"}],"curies":[{"name":"wp","href":"https:\/\/api.w.org\/{rel}","templated":true}]}}